{"id":138,"date":"2022-02-23T22:06:31","date_gmt":"2022-02-23T20:06:31","guid":{"rendered":"https:\/\/oddbeat.fi\/?page_id=138"},"modified":"2023-02-09T18:42:18","modified_gmt":"2023-02-09T16:42:18","slug":"nuotinnuspalvelu","status":"publish","type":"page","link":"https:\/\/oddbeat.fi\/?page_id=138","title":{"rendered":"Nuotinnuspalvelu"},"content":{"rendered":"\n<div class=\"wp-block-columns\">\n<div class=\"wp-block-column\" style=\"flex-basis:66.66%\">\n<p>Biisi valmiina, mutta nuotti puuttuu?<\/p>\n\n\n\n<p>No problem! L\u00e4het\u00e4 biisi t\u00e4nne (linkki esim. Youtubeen, Spotifyhyn tms.) ja kerro millaisen nuotin siit\u00e4 haluat. Me hoidetaan homma, olipa kyseess\u00e4 sitten oma tuotoksesi tai vaikkapa Internetist\u00e4 l\u00f6yt\u00e4m\u00e4si biisi. <\/p>\n\n\n\n<p>Teemme komppilaput, leadsheetit, soolotranskriptiot and what not. Koska biisit ja nuottitarpeet ovat erilaisia, ei meilt\u00e4 l\u00f6ydy valmista notaatiohinnastoa. Pyyd\u00e4 tarjous, se ei sido sinua mihink\u00e4\u00e4n!<\/p>\n\n\n\n<p>Hoidamme niin yksitt\u00e4iset kappaleet kuin vaikka koko ohjelmistokansion puhtaaksikirjoittamisenkin. <\/p>\n\n\n\n<p>Ohessa muutama mallikappale-pdf tsekattavaksi!<\/p>\n\n\n\n<div class=\"wp-block-buttons is-layout-flex wp-block-buttons-is-layout-flex\">\n<div class=\"wp-block-button\"><a class=\"wp-block-button__link wp-element-button\" href=\"https:\/\/oddbeat.fi\/?page_id=205\">L\u00e4het\u00e4 viesti -&gt;<\/a><\/div>\n<\/div>\n<\/div>\n\n\n\n<div class=\"wp-block-column\" style=\"flex-basis:33.33%\">\n<figure class=\"wp-block-image size-full is-resized\"><a href=\"https:\/\/oddbeat.fi\/wp-content\/uploads\/2022\/02\/Kaikki-Tytot-Leadsheet-Voc.pdf\" target=\"_blank\" rel=\"noopener\"><img decoding=\"async\" src=\"https:\/\/oddbeat.fi\/wp-content\/uploads\/2022\/02\/kaiktyt.jpg\" alt=\"\" class=\"wp-image-141\" width=\"156\" height=\"220\" srcset=\"https:\/\/oddbeat.fi\/wp-content\/uploads\/2022\/02\/kaiktyt.jpg 639w, https:\/\/oddbeat.fi\/wp-content\/uploads\/2022\/02\/kaiktyt-212x300.jpg 212w\" sizes=\"(max-width: 156px) 100vw, 156px\" \/><\/a><figcaption class=\"wp-element-caption\">Leadsheet &amp; voc<\/figcaption><\/figure>\n\n\n\n<figure class=\"wp-block-image size-full is-resized\"><a href=\"https:\/\/oddbeat.fi\/wp-content\/uploads\/2022\/02\/Off-Broadway-Leadsheet.pdf\" target=\"_blank\" rel=\"noopener\"><img decoding=\"async\" src=\"https:\/\/oddbeat.fi\/wp-content\/uploads\/2022\/02\/offbro.jpg\" alt=\"\" class=\"wp-image-142\" width=\"149\" height=\"211\" srcset=\"https:\/\/oddbeat.fi\/wp-content\/uploads\/2022\/02\/offbro.jpg 641w, https:\/\/oddbeat.fi\/wp-content\/uploads\/2022\/02\/offbro-211x300.jpg 211w\" sizes=\"(max-width: 149px) 100vw, 149px\" \/><\/a><figcaption class=\"wp-element-caption\">Leadsheet<\/figcaption><\/figure>\n\n\n\n<figure class=\"wp-block-image size-full is-resized\"><a href=\"https:\/\/oddbeat.fi\/wp-content\/uploads\/2022\/02\/Elamani-Nainen-Comp.pdf\" target=\"_blank\" rel=\"noopener\"><img decoding=\"async\" src=\"https:\/\/oddbeat.fi\/wp-content\/uploads\/2022\/02\/elnai.jpg\" alt=\"\" class=\"wp-image-139\" width=\"143\" height=\"202\" srcset=\"https:\/\/oddbeat.fi\/wp-content\/uploads\/2022\/02\/elnai.jpg 641w, https:\/\/oddbeat.fi\/wp-content\/uploads\/2022\/02\/elnai-211x300.jpg 211w\" sizes=\"(max-width: 143px) 100vw, 143px\" \/><\/a><figcaption class=\"wp-element-caption\">Komppi<\/figcaption><\/figure>\n\n\n\n<figure class=\"wp-block-image size-full is-resized\"><a href=\"https:\/\/oddbeat.fi\/wp-content\/uploads\/2022\/02\/Room-335-Guitar-Solo-Transcription-Tab.pdf\" target=\"_blank\" rel=\"noopener\"><img loading=\"lazy\" decoding=\"async\" src=\"https:\/\/oddbeat.fi\/wp-content\/uploads\/2022\/02\/room335.jpg\" alt=\"\" class=\"wp-image-140\" width=\"136\" height=\"199\" srcset=\"https:\/\/oddbeat.fi\/wp-content\/uploads\/2022\/02\/room335.jpg 620w, https:\/\/oddbeat.fi\/wp-content\/uploads\/2022\/02\/room335-205x300.jpg 205w\" sizes=\"(max-width: 136px) 100vw, 136px\" \/><\/a><figcaption class=\"wp-element-caption\">Soolotranskriptio<\/figcaption><\/figure>\n<\/div>\n<\/div>\n","protected":false},"excerpt":{"rendered":"<div class=\"entry-summary\">\nBiisi valmiina, mutta nuotti puuttuu? No problem! L\u00e4het\u00e4 biisi t\u00e4nne (linkki esim. Youtubeen, Spotifyhyn tms.) ja kerro millaisen nuotin siit\u00e4 haluat. Me hoidetaan homma, olipa kyseess\u00e4 sitten oma tuotoksesi tai vaikkapa Internetist\u00e4 l\u00f6yt\u00e4m\u00e4si biisi. Teemme komppilaput, leadsheetit, soolotranskriptiot and what&hellip;\n<\/div>\n<div class=\"link-more\"><a href=\"https:\/\/oddbeat.fi\/?page_id=138\" class=\"more-link\">Continue reading<span class=\"screen-reader-text\"> &ldquo;Nuotinnuspalvelu&rdquo;<\/span>&hellip;<\/a><\/div>\n","protected":false},"author":1,"featured_media":0,"parent":0,"menu_order":0,"comment_status":"closed","ping_status":"closed","template":"","meta":{"_acf_changed":false,"_uag_custom_page_level_css":"","_monsterinsights_skip_tracking":false,"_monsterinsights_sitenote_active":false,"_monsterinsights_sitenote_note":"","_monsterinsights_sitenote_category":0,"footnotes":""},"class_list":["post-138","page","type-page","status-publish","hentry","entry"],"acf":[],"aioseo_notices":[],"uagb_featured_image_src":{"full":false,"thumbnail":false,"medium":false,"medium_large":false,"large":false,"1536x1536":false,"2048x2048":false,"reykjavik-intro":false,"woocommerce_thumbnail":false,"woocommerce_single":false,"woocommerce_gallery_thumbnail":false,"form-edit-image-preview":false},"uagb_author_info":{"display_name":"admin","author_link":"https:\/\/oddbeat.fi\/?author=1"},"uagb_comment_info":0,"uagb_excerpt":"Biisi valmiina, mutta nuotti puuttuu? No problem! L\u00e4het\u00e4 biisi t\u00e4nne (linkki esim. Youtubeen, Spotifyhyn tms.) ja kerro millaisen nuotin siit\u00e4 haluat. Me hoidetaan homma, olipa kyseess\u00e4 sitten oma tuotoksesi tai vaikkapa Internetist\u00e4 l\u00f6yt\u00e4m\u00e4si biisi. Teemme komppilaput, leadsheetit, soolotranskriptiot and what&hellip; Continue reading &ldquo;Nuotinnuspalvelu&rdquo;&hellip;","_links":{"self":[{"href":"https:\/\/oddbeat.fi\/index.php?rest_route=\/wp\/v2\/pages\/138","targetHints":{"allow":["GET"]}}],"collection":[{"href":"https:\/\/oddbeat.fi\/index.php?rest_route=\/wp\/v2\/pages"}],"about":[{"href":"https:\/\/oddbeat.fi\/index.php?rest_route=\/wp\/v2\/types\/page"}],"author":[{"embeddable":true,"href":"https:\/\/oddbeat.fi\/index.php?rest_route=\/wp\/v2\/users\/1"}],"replies":[{"embeddable":true,"href":"https:\/\/oddbeat.fi\/index.php?rest_route=%2Fwp%2Fv2%2Fcomments&post=138"}],"version-history":[{"count":9,"href":"https:\/\/oddbeat.fi\/index.php?rest_route=\/wp\/v2\/pages\/138\/revisions"}],"predecessor-version":[{"id":278,"href":"https:\/\/oddbeat.fi\/index.php?rest_route=\/wp\/v2\/pages\/138\/revisions\/278"}],"wp:attachment":[{"href":"https:\/\/oddbeat.fi\/index.php?rest_route=%2Fwp%2Fv2%2Fmedia&parent=138"}],"curies":[{"name":"wp","href":"https:\/\/api.w.org\/{rel}","templated":true}]}}