{"id":6,"date":"2022-01-11T18:41:19","date_gmt":"2022-01-11T16:41:19","guid":{"rendered":"https:\/\/oddbeat.fi\/?page_id=6"},"modified":"2022-03-26T14:30:06","modified_gmt":"2022-03-26T12:30:06","slug":"oddbeat","status":"publish","type":"page","link":"https:\/\/oddbeat.fi\/","title":{"rendered":"Oddbeat"},"content":{"rendered":"\n<h2 class=\"wp-block-heading\">Moi!<\/h2>\n\n\n\n<p>Oddbeat on turkulainen, vuodesta 2009 toiminut yritys, jonka perustin alunperin vain rumputuntien laskuttamista varten. <\/p>\n\n\n\n<p>Ajan my\u00f6t\u00e4 Oddbeatin tarjoamat palvelut ovat oman osaamiseni ja yhteisty\u00f6verkostoni kasvaessa laajentuneet soitonopetuksesta muun muassa:<\/p>\n\n\n\n<ul class=\"wp-block-list\"><li>\u00c4\u00e4nentoisto- ja valolaitevuokraukseen <\/li><li>Keikkamyyntiin ja tapahtumatuotantoon<\/li><li>B\u00e4ndimanagerointiin ja -sparraukseen<\/li><li>Studio\u00e4\u00e4nityksiin ja biisien sovituksiin<\/li><li>Henkil\u00f6st\u00f6- ja palkkahallintoon<\/li><li>Hankintoihin ja kululaskelmiin<\/li><li>Viestint\u00e4\u00e4n, copywritingiin ja br\u00e4nd\u00e4\u00e4miseen<\/li><li>Mainontaan ja markkinointiin<\/li><li>Palvelumuotoiluun<\/li><li>Nettisivujen tekemiseen<\/li><\/ul>\n\n\n\n<p>Nyky\u00e4\u00e4n Oddbeat on monipuolinen ja eritt\u00e4in joustava generalistifirma! <\/p>\n\n\n\n<p>L\u00e4hden mielell\u00e4ni ratkomaan erilaisia haasteita ja autan sinua parhaani mukaan, olipa kyseess\u00e4 sitten alakoulun limudiskon j\u00e4rjest\u00e4minen, nettisivujen v\u00e4rkk\u00e4\u00e4minen, yrityksesi viestinn\u00e4n sanank\u00e4\u00e4nteiden hiominen tai b\u00e4ndisi kiertueen kululaskelmat.<\/p>\n\n\n\n<p>Jos tarvitset jotain edell\u00e4 mainituista palveluista, ota yhteytt\u00e4 joko <a href=\"mailto:info@oddbeat.fi\" data-type=\"mailto\" data-id=\"mailto:info@oddbeat.fi\" target=\"_blank\" rel=\"noreferrer noopener\">s\u00e4hk\u00f6postitse<\/a> tai alla olevan napin kautta!<\/p>\n\n\n\n<div class=\"wp-block-columns\">\n<div class=\"wp-block-column\" style=\"flex-basis:33.33%\">\n<figure class=\"wp-block-image size-full is-style-default wp-duotone-141e61-rgba2032970-1\"><img fetchpriority=\"high\" decoding=\"async\" width=\"400\" height=\"400\" src=\"https:\/\/oddbeat.fi\/wp-content\/uploads\/2022\/02\/jonne_saari_oddbeat2.png\" alt=\"\" class=\"wp-image-192\" srcset=\"https:\/\/oddbeat.fi\/wp-content\/uploads\/2022\/02\/jonne_saari_oddbeat2.png 400w, https:\/\/oddbeat.fi\/wp-content\/uploads\/2022\/02\/jonne_saari_oddbeat2-300x300.png 300w, https:\/\/oddbeat.fi\/wp-content\/uploads\/2022\/02\/jonne_saari_oddbeat2-150x150.png 150w\" sizes=\"(max-width: 400px) 100vw, 400px\" \/><\/figure>\n<\/div>\n\n\n\n<div class=\"wp-block-column\" style=\"flex-basis:66.66%\">\n<p><\/p>\n\n\n\n<p>Jonne Saari<br>Yritt\u00e4j\u00e4 \/ Freelance-rumpali \/ Moni-intoilija<\/p>\n<\/div>\n<\/div>\n\n\n\n<div class=\"wp-block-button aligncenter\"><a class=\"wp-block-button__link no-border-radius\" href=\"https:\/\/oddbeat.fi\/?page_id=205\">L\u00e4het\u00e4 viesti \u2192<\/a><\/div>\n\n\n\n<hr class=\"wp-block-separator is-style-dots\"\/>\n\n\n\n<p><\/p>\n","protected":false},"excerpt":{"rendered":"<div class=\"entry-summary\">\n<img decoding=\"async\" src=\"https:\/\/oddbeat.fi\/wp-content\/uploads\/2022\/01\/Logo_2022_white.png\"><\/p>\n<p>\nTurkulainen luovien alojen palveluputiikki <\/p>\n<\/div>\n<div class=\"link-more\"><a href=\"https:\/\/oddbeat.fi\/\" class=\"more-link\">Continue reading<span class=\"screen-reader-text\"> &ldquo;Oddbeat&rdquo;<\/span>&hellip;<\/a><\/div>\n","protected":false},"author":1,"featured_media":0,"parent":0,"menu_order":0,"comment_status":"closed","ping_status":"closed","template":"templates\/intro-widgets.php","meta":{"_acf_changed":false,"_uag_custom_page_level_css":"","_monsterinsights_skip_tracking":false,"_monsterinsights_sitenote_active":false,"_monsterinsights_sitenote_note":"","_monsterinsights_sitenote_category":0,"footnotes":""},"class_list":["post-6","page","type-page","status-publish","hentry","entry"],"acf":[],"aioseo_notices":[],"uagb_featured_image_src":{"full":false,"thumbnail":false,"medium":false,"medium_large":false,"large":false,"1536x1536":false,"2048x2048":false,"reykjavik-intro":false,"woocommerce_thumbnail":false,"woocommerce_single":false,"woocommerce_gallery_thumbnail":false,"form-edit-image-preview":false},"uagb_author_info":{"display_name":"admin","author_link":"https:\/\/oddbeat.fi\/?author=1"},"uagb_comment_info":0,"uagb_excerpt":"Turkulainen luovien alojen palveluputiikki Continue reading &ldquo;Oddbeat&rdquo;&hellip;","_links":{"self":[{"href":"https:\/\/oddbeat.fi\/index.php?rest_route=\/wp\/v2\/pages\/6","targetHints":{"allow":["GET"]}}],"collection":[{"href":"https:\/\/oddbeat.fi\/index.php?rest_route=\/wp\/v2\/pages"}],"about":[{"href":"https:\/\/oddbeat.fi\/index.php?rest_route=\/wp\/v2\/types\/page"}],"author":[{"embeddable":true,"href":"https:\/\/oddbeat.fi\/index.php?rest_route=\/wp\/v2\/users\/1"}],"replies":[{"embeddable":true,"href":"https:\/\/oddbeat.fi\/index.php?rest_route=%2Fwp%2Fv2%2Fcomments&post=6"}],"version-history":[{"count":45,"href":"https:\/\/oddbeat.fi\/index.php?rest_route=\/wp\/v2\/pages\/6\/revisions"}],"predecessor-version":[{"id":270,"href":"https:\/\/oddbeat.fi\/index.php?rest_route=\/wp\/v2\/pages\/6\/revisions\/270"}],"wp:attachment":[{"href":"https:\/\/oddbeat.fi\/index.php?rest_route=%2Fwp%2Fv2%2Fmedia&parent=6"}],"curies":[{"name":"wp","href":"https:\/\/api.w.org\/{rel}","templated":true}]}}